{"id":2473,"date":"2015-01-14T09:24:07","date_gmt":"2015-01-14T09:24:07","guid":{"rendered":"http:\/\/www.grupoeventoplus.com\/wp\/misummit\/?page_id=2473"},"modified":"2021-01-29T11:14:44","modified_gmt":"2021-01-29T11:14:44","slug":"han-asistido-al-mis","status":"publish","type":"page","link":"https:\/\/www.grupoeventoplus.com\/wp\/misummit\/han-asistido-al-mis\/","title":{"rendered":"Participantes MIS 2020"},"content":{"rendered":"<p><em>*Lista no completa<\/em><\/p>\n<p><strong>BUYERS E INTERNATIONAL BUYERS<\/strong><\/p>\n<p>Atlanta events &amp; corporate travel consultants, ABB, Abile Corporate events, About Events DMC in Spain, Abreu Events, Adventure Travel, AERCE, AIM Group International, Amadeus IT Group, American Express GBT, AMUNDI, A-Travel Barcelona, ATREVIA, Auriga, Back Up Events, Banco Sabadell, BCD Travel M&amp;E,\u00a0 Bell Eventum Comunicaci\u00f3n, Best Option Media, Best Swing, Bestours Viajes, Black Forest Events GmbH &amp; Co, BMC TRAVEL, Box de ideas, Break! [empresas], Bru&amp;Co, BST Events ,Capital Evento, Carlson Wagonlit Travel Czech Republic, CWT Meetings &amp; Events Spain, Cheese Event, Cinnamon Events, Com\u00e9va, CONAIF, Congress Expo, Congress Geeks, Cosmos Viagens, Courtesy Travel, Coworker Events, Cristal Event, CTAgency, Deloitte, Deporte and Business, Differentia Events, Dissimilty, Diwoto Travel, DK Ambassador, Doctaforum, E&amp;TB Group spanish DMC, EDT Eventos, El ba\u00fal de las Piqu\u00e9, El Corte Ingl\u00e9s, Emotivents Spain &amp; Portugal, ENC NEWS, ENEL, Enviro Networking, Ericsson Telecomunicazioni Spa, Es.Cultura Eventos, Event Barcelona, Eventalista, EventMax Hospitality &amp; Events, Evoca Cultura, Factor 3 Events, FC Sport Experiences Ltd, Fee, Fil Mediterranean Travel Designers, ForEvents Agency, Forpagteriet, Fun Expres, Fundaci\u00f3n Telef\u00f3nica, Giuga Agency, Globalia Eventos, Gonext Producciones, Grass Roots, Grupo Abbsolute, Grupo Viajabien \u2013 Simmer, Grupo WDI, IAG7 Viajes, Imagine Events, In Travel, Incentivus, Inerzia Comunicaci\u00f3n, Innevento Comunicaci\u00f3n en Vivo, Innovative Talent Bureau, Intracon Marketing Solutions, Iventions International Events SL, Iventour, Jolico Events, King, KPMG, Kuoni Destination Management, Laboratoires Quinton, Las ideas de Wendy, Last Lap, Liberty Iberian Leisure &amp; Events, Lic\u00fcid Lab, Madison MK, Marbet, Maxam Group, Maximice Events Group, MCI, Metacci\u00f3n, MICE EVE\u00d1TS, Mievent, Mondolirondo, MRCO Company, Nautalia Eventos, New Horizons, NIS North Incoming Service, Nota Bene, O2 Comunicaci\u00f3n, OBS Deluxe Travel, Omnitel, On Deck Marketing, Oriental Travel, Ovation DMC &#8211; Spain &amp; Portugal, Panoptic Events LTD, PAP Congresos, Paradigma Digital, Parafina Comunicaci\u00f3n, Pelda\u00f1o, Pop In Group, Positive Business Events, Premium Incentives Travel, Prestige Avenue, Repsol, Republic of Experience, Respira Comunicaci\u00f3n, Sabina Consulting, SACYR, Sao, SCMedia, See Network, Smile Evenements, Sony Music Entertainment, Sorel &amp; Stendhal, Spanish Heritage, Staff Ausolan , Suite Events,\u00a0 Swolf Group Iberia, T&amp;C Group, Talisman Xap\u00f3, TBWA, Telef\u00f3nica, Terraevents Spain, TerraMundus BV, Thinketers, Those Travel Guys, Thursa Incoming, Tierra Ib\u00e9rica Eventos &amp; Momentos, Timeout Travel, Tour Operator, Transglobal, Travco Holidays, Tr\u00edlope eventos, Trivu, Trocadero Swing Communication, Viajes Triana, Viajes El Corte Ingl\u00e9s, VIP LTD, Vosant Meetings &amp; Travel, Welcome Incoming Services, When &amp; Where Comunicaci\u00f3n y Eventos, Workinprogress communication, X-ternal Marketing Agency, Zurich Insurance Spain.<\/p>\n<p><strong>PROVEEDORES<\/strong><\/p>\n<p>Adding Marketing &amp; Sales for Hotels, Agencia del Turismo H\u00fangaro, Aguas de Ibiza Grand Luxe Hotel, Albasound, Alsa, Altice Arena &#8211; Corporate and Congress Centre, Artigot, Atrezza Innovaciones, Auditorio Valent\u00ed Fuster, Autocares Juli\u00e1, Autocares Milo, AV Medios, Baix Llobregat Convention Bureau, Barcel\u00f3 Hotel Group, Barcelona Convention Bureau, Barcelona Naval Tours, Bodegas Elyssia &amp; Segura Viudas, Book Your Stadium, Brava Hoteles, Burgos Congress &amp; Convention Bureau, Busway, CCIB &#8211; Centre Convencions Internacional Barcelona, Ch\u00e2teauform\u2019 Espa\u00f1a, Cinesa,\u00a0Circuito del Jarama \u2013 RACE, Ciudad de lar Artes y las Ciencias, COAM, Costa Brava Girona Convention Bureau, Costa Daurada Convention Bureau, Costa del Sol Convention Bureau, Crowne Plaza Barcelona, Cursiva Conferencias, Digivents, Diputaci\u00f3n de Ja\u00e9n, Drive Me Barcelona, Elite Touring, Embassy Catering y Eventos\/Gourmet Cobos catering &amp; Imagine, Enbex Wifi para eventos, Eneldo Venues &amp; Catering, Escorial \u2013 Natura, Eurostars Hotel Company, Eventbrite, evenTwo, Exploram\u00e1s, Faunia, Feria Valencia, Finca Mas Solers \u2013 Grup Peralada, F\u00f3rum Evoluci\u00f3n Burgos &#8211; Palacio de Congresos, Globally \/ Newlink Group, Granada Convention Bureau, Grupo Abades, Grupo Acadi, Grupo Lancaster, Hard Rock Caf\u00e9, Hesperia, Hotel 1898, Hotel Arts Barcelona, Hotel Camiral, Hotel Casa Fuster 5*GL \/ Hotel Barcelona Center, Hotel Emperador, Hotel Ercilla Bilbao, Hotel L&#8217; Azure****S, Hotel Maria Cristina, Hotel M\u00f3n Sant Benet, Hotel President Willson, Hotel Puerta Am\u00e9rica, Hotel Wellington, Madrid, Hotels2Meet, Iberostar Hotels &amp; Resorts, Ibiza Convention Bureau, IFEMA Convenciones y Congresos, In out Travel &amp; Events, Inside Tours DMC Portugal, Joinup, Kauai, Beach Club, La Daurada Group, La Tierra del Cielo &#8211; Skydive Empuriabrava, Life Gourmet Catering, Lleida Convention Bureau, Madrid Convention Bureau, Madrid Marriott Auditorium, M\u00e1laga Convention Bureau, Mas Salagros EcoResort, MB Salesrep, MeetEngland, Meetmaps, MEEU, Meli\u00e1 Hotels International, Meridiana, Mvips Drivers &amp; Cars, NH Meetings &amp; Hotel Group, Novotel Madrid Center, Oficina de Turismo de Italia, Orquidea Technology Group, Ovillo, Pabell\u00f3n Italiano (Fira Barcelona), Palacio de\u00a0 Congresos de Granada, Palacio de Congresos El Batel, Palacio de Congresos de Val\u00e8ncia, Palacio del Negralejo, Palau de les Arts Reina Sof\u00eda, Palladium Hotel Group, Paradores de Turismo de Espa\u00f1a, Parque de Atracciones de Madrid, Patronato Provincial de Turismo de C\u00e1diz &amp; Convention Bureau, Patronato Provincial de Turismo de Huelva &#8211; Convention Bureau, Pazo de Cea, Penny Wise Madrid, Peralada Resort, Pestana Plaza Mayor Madrid, Platea Madrid, Poble Espanyol, PortAventura Business &amp; Events, Power AV, PRG (Production Resource Group), Puy Du Fou Espa\u00f1a, Qronnos, RAFAELHOTELES, Real F\u00e1brica de Cristales de la Granja, Riu Plaza Espa\u00f1a, R\u00d6DER Group, Room Mate Hotels, Sagal\u00e9s, Sall\u00e9s Hotels, SB HOTELS, Scena Design, Selenta Group, Sevilla Convention Bureau, Stage Entertainment, Tablao del Carmen, Tarragona Convention Bureau, Tenerife Convention Bureau, Terraza Umbracle, THB Hotels Ibiza &amp; Mallorca, The Gates Diagonal Barcelona, THIS IS MED, \u00a0Trixi Madrid Bike Tours &amp; Rental, Troka Aventura, Turismo Comunidad de Madrid, Turismo de C\u00f3rdoba, URSO Hotel &amp; Spa, Valladolid Oficina de Congresos, VINCCI HOTELES, VP PLAZA ESPA\u00d1A DESIGN, World Trade Center Barcelona, Yelmo Cines, Yt Serveis, Zalaca\u00edn La Finca, Zaragoza Congresos.<\/p>\n","protected":false},"excerpt":{"rendered":"<p>*Lista no completa BUYERS E INTERNATIONAL BUYERS Atlanta events &amp; corporate travel consultants, ABB, Abile Corporate events, About Events DMC in Spain, Abreu Events, Adventure Travel, AERCE, AIM Group International, Amadeus IT Group, American Express GBT, AMUNDI, A-Travel Barcelona, ATREVIA, Auriga, Back Up Events, Banco Sabadell, BCD Travel M&amp;E,\u00a0 Bell Eventum Comunicaci\u00f3n, Best Option Media, [&hellip;]<\/p>\n","protected":false},"author":2,"featured_media":0,"parent":0,"menu_order":0,"comment_status":"closed","ping_status":"closed","template":"","meta":{"site-sidebar-layout":"default","site-content-layout":"","ast-site-content-layout":"default","site-content-style":"default","site-sidebar-style":"default","ast-global-header-display":"","ast-banner-title-visibility":"","ast-main-header-display":"","ast-hfb-above-header-display":"","ast-hfb-below-header-display":"","ast-hfb-mobile-header-display":"","site-post-title":"","ast-breadcrumbs-content":"","ast-featured-img":"","footer-sml-layout":"","theme-transparent-header-meta":"","adv-header-id-meta":"","stick-header-meta":"","header-above-stick-meta":"","header-main-stick-meta":"","header-below-stick-meta":"","astra-migrate-meta-layouts":"default","ast-page-background-enabled":"default","ast-page-background-meta":{"desktop":{"background-color":"var(--ast-global-color-4)","background-image":"","background-repeat":"repeat","background-position":"center center","background-size":"auto","background-attachment":"scroll","background-type":"","background-media":"","overlay-type":"","overlay-color":"","overlay-opacity":"","overlay-gradient":""},"tablet":{"background-color":"","background-image":"","background-repeat":"repeat","background-position":"center center","background-size":"auto","background-attachment":"scroll","background-type":"","background-media":"","overlay-type":"","overlay-color":"","overlay-opacity":"","overlay-gradient":""},"mobile":{"background-color":"","background-image":"","background-repeat":"repeat","background-position":"center center","background-size":"auto","background-attachment":"scroll","background-type":"","background-media":"","overlay-type":"","overlay-color":"","overlay-opacity":"","overlay-gradient":""}},"ast-content-background-meta":{"desktop":{"background-color":"var(--ast-global-color-5)","background-image":"","background-repeat":"repeat","background-position":"center center","background-size":"auto","background-attachment":"scroll","background-type":"","background-media":"","overlay-type":"","overlay-color":"","overlay-opacity":"","overlay-gradient":""},"tablet":{"background-color":"var(--ast-global-color-5)","background-image":"","background-repeat":"repeat","background-position":"center center","background-size":"auto","background-attachment":"scroll","background-type":"","background-media":"","overlay-type":"","overlay-color":"","overlay-opacity":"","overlay-gradient":""},"mobile":{"background-color":"var(--ast-global-color-5)","background-image":"","background-repeat":"repeat","background-position":"center center","background-size":"auto","background-attachment":"scroll","background-type":"","background-media":"","overlay-type":"","overlay-color":"","overlay-opacity":"","overlay-gradient":""}},"footnotes":""},"class_list":["post-2473","page","type-page","status-publish","hentry"],"_links":{"self":[{"href":"https:\/\/www.grupoeventoplus.com\/wp\/misummit\/wp-json\/wp\/v2\/pages\/2473","targetHints":{"allow":["GET"]}}],"collection":[{"href":"https:\/\/www.grupoeventoplus.com\/wp\/misummit\/wp-json\/wp\/v2\/pages"}],"about":[{"href":"https:\/\/www.grupoeventoplus.com\/wp\/misummit\/wp-json\/wp\/v2\/types\/page"}],"author":[{"embeddable":true,"href":"https:\/\/www.grupoeventoplus.com\/wp\/misummit\/wp-json\/wp\/v2\/users\/2"}],"replies":[{"embeddable":true,"href":"https:\/\/www.grupoeventoplus.com\/wp\/misummit\/wp-json\/wp\/v2\/comments?post=2473"}],"version-history":[{"count":15,"href":"https:\/\/www.grupoeventoplus.com\/wp\/misummit\/wp-json\/wp\/v2\/pages\/2473\/revisions"}],"predecessor-version":[{"id":12569,"href":"https:\/\/www.grupoeventoplus.com\/wp\/misummit\/wp-json\/wp\/v2\/pages\/2473\/revisions\/12569"}],"wp:attachment":[{"href":"https:\/\/www.grupoeventoplus.com\/wp\/misummit\/wp-json\/wp\/v2\/media?parent=2473"}],"curies":[{"name":"wp","href":"https:\/\/api.w.org\/{rel}","templated":true}]}}